{"id":695,"date":"2023-11-15T21:46:44","date_gmt":"2023-11-15T21:46:44","guid":{"rendered":"https:\/\/balanspunkten.nu\/?page_id=695"},"modified":"2025-05-31T16:11:33","modified_gmt":"2025-05-31T16:11:33","slug":"balanspunkten","status":"publish","type":"page","link":"https:\/\/balanspunkten.nu\/de\/balanspunkten\/","title":{"rendered":"Balanspunkten"},"content":{"rendered":"<h3 style=\"text-align: center;\">Das Unternehmen Balanspunkt<\/h3>\n<h4 style=\"text-align: center;\"><strong>Die Kunst,<\/strong> das<strong> Leben zu lieben<\/strong><\/h4>\n<h4>Ich, die das Unternehmen <strong>Balanspunkt\/Kajakcenter in Grundsund<\/strong> betreibe, hei\u00dfe Christina Ingemarsdotter und ich liebe die Natur und das Paddeln und dar\u00fcber hinaus liebe es, zu leben. Das alles m\u00f6chte ich gerne mit anderen teilen. Daher arbeite ich mit meinem Kajakcenter in Grundsund seit 2005 und biete Hilfe zur Selbsthilfe mit verschiedenen Behandlungstechniken seit 1987 an. Dar\u00fcberhinaus gebe ich seit 2003 Yogakurse.<\/h4>\n<p>Hier an der Westk\u00fcste befindet sich &#8222;mein&#8220; Sch\u00e4rengarten, in dem ich mein ganzes Leben lang gepaddelt bin. Am Anfang bin ich auch viel gesegelt, dann bin ich mehr und mehr gepaddelt. 2024 ist mein 46. Sommer im Kajak &#8211; einfach nur phantastisch!<\/p>\n<p>Im Sommer sind wir mit mehreren Mitarbeitern im Kajakcenter in Grundsund, 2025 sind es<strong> Pia K\u00e4rn, Hanna Edgren und Simon Borg<\/strong>. Alle lieben das Meer und m\u00f6chten dazu beitragen, da\u00df unsere G\u00e4ste das Leben am und auf dem Meer genie\u00dfen k\u00f6nnen.<\/p>\n<p><strong>Unsere Policy:<\/strong><\/p>\n<ul>\n<li>Wir betreiben das Kajakcenter weil wir die Natur, das Outdoor-Leben und das Paddeln lieben.<\/li>\n<li>Wir m\u00f6chten diese Liebe auch bei unseren Kunden wecken.<\/li>\n<li>Wir haben Freude daran, euch mit Ideen, praktischen Tips und allem, was man sonst noch beim Paddeln auf dem Meer beachten mu\u00df, zu helfen.<\/li>\n<li>Wir bieten sowohl kurze als auch l\u00e4ngere Touren in unterschiedlichen Schwierigkeitsgraden an.<\/li>\n<li>Wir sind sorgf\u00e4ltig mit allem, was die Sicherheit auf dem Meer betrifft. Ihr werdet von erfahrenen Guides begleitet. Wir geben Kurse, in denen ihr eure Paddeltechnik verbessern k\u00f6nnt, und machen Sicherheits\u00fcbungen zum Verhalten in Notsituationen. Wir tragen immer eine Schwimmweste und wenn das Wasser kalt ist, tragen wir zus\u00e4tzlich einen Trockenenanzug.<\/li>\n<li>Wir f\u00fchren unsere Kurse und Touren so durch, da\u00df die Natur dabei so wenig wie m\u00f6glich belastet wird. Wir nehmen unseren Abfall mit zur\u00fcck in den Hafen und wir verlassen unsere Lagerpl\u00e4tze (mindestens) so sauber, wie wir sie vorgefunden haben. Die Mahlzeiten werden so weit m\u00f6glich aus frischen Zutaten aus der Region zubereitet.<\/li>\n<\/ul>\n<h4><strong>Gemeinschaft auf der Insel Skaf\u00f6 und an der Westk\u00fcste<\/strong><\/h4>\n<p>Wir arbeiten gerne mit anderen zusammen. Auf Skaft\u00f6 haben wir <strong>Partner f\u00fcr die \u00dcbernachtung<\/strong> mit Slipens Hotel, Gullmarsstrand Hotel &amp; Konferenz, Grundens Hotel und R\u00e5g\u00e5rdsviks Pensionat sowie <strong>f\u00fcr die Verpflegung<\/strong> mit Smultron &amp; T\u00e5ng, Pelles R\u00f6keri und Sommardep\u00e5n. Au\u00dferhalb der Insel Skaft\u00f6 haben wir eine <strong>freundschaftliche Zusammenarbeit<\/strong> mit der L\u00e5dfabrik in Edshultshall auf Orust und mit K\u00e4rlingesund Retreat Center auf Boken\u00e4s. Und nat\u00fcrlich noch vielen mehr&#8230;<\/p>\n","protected":false},"excerpt":{"rendered":"<p>Nah am Leben im Meer<\/p>\n","protected":false},"author":2,"featured_media":592,"parent":0,"menu_order":0,"comment_status":"closed","ping_status":"closed","template":"","meta":{"_acf_changed":false,"inline_featured_image":false,"footnotes":""},"class_list":["post-695","page","type-page","status-publish","has-post-thumbnail","hentry"],"acf":[],"_links":{"self":[{"href":"https:\/\/balanspunkten.nu\/de\/wp-json\/wp\/v2\/pages\/695","targetHints":{"allow":["GET"]}}],"collection":[{"href":"https:\/\/balanspunkten.nu\/de\/wp-json\/wp\/v2\/pages"}],"about":[{"href":"https:\/\/balanspunkten.nu\/de\/wp-json\/wp\/v2\/types\/page"}],"author":[{"embeddable":true,"href":"https:\/\/balanspunkten.nu\/de\/wp-json\/wp\/v2\/users\/2"}],"replies":[{"embeddable":true,"href":"https:\/\/balanspunkten.nu\/de\/wp-json\/wp\/v2\/comments?post=695"}],"version-history":[{"count":6,"href":"https:\/\/balanspunkten.nu\/de\/wp-json\/wp\/v2\/pages\/695\/revisions"}],"predecessor-version":[{"id":934,"href":"https:\/\/balanspunkten.nu\/de\/wp-json\/wp\/v2\/pages\/695\/revisions\/934"}],"wp:featuredmedia":[{"embeddable":true,"href":"https:\/\/balanspunkten.nu\/de\/wp-json\/wp\/v2\/media\/592"}],"wp:attachment":[{"href":"https:\/\/balanspunkten.nu\/de\/wp-json\/wp\/v2\/media?parent=695"}],"curies":[{"name":"wp","href":"https:\/\/api.w.org\/{rel}","templated":true}]}}