{"id":642,"date":"2023-11-27T12:36:44","date_gmt":"2023-11-27T12:36:44","guid":{"rendered":"https:\/\/balanspunkten.nu\/?page_id=642"},"modified":"2024-02-29T13:33:39","modified_gmt":"2024-02-29T13:33:39","slug":"kajak-mieten","status":"publish","type":"page","link":"https:\/\/balanspunkten.nu\/de\/kajak-mieten\/","title":{"rendered":"Kajak mieten"},"content":{"rendered":"<h3><strong>Kajak mieten<\/strong><\/h3>\n<p>Beim Kajakcenter Balanspunkt in Grundsund kannst du richtig gute Kajaks mieten, um den Sch\u00e4rengarten entlang der K\u00fcste Bohusl\u00e4ns auf die beste Art zu erleben \u2013 beim Paddeln. Du erreichst das Kajakcenter in eineinhalb Stunden von G\u00f6teborg mit dem Auto. Alternativ gibt es auch eine Busverbindung.<\/p>\n<h3><strong>Die L\u00e4nge der Tour<\/strong><\/h3>\n<p>Wir vermieten Kajaks f\u00fcr halbe Tage, ganze Tage, eine Nacht, 24 Stunden, 3 Tage oder eine ganze Woche, so dass du die L\u00e4nge deiner Paddeltour individuell w\u00e4hlen kannst. Die meisten unserer Kunden mieten ihr Kajak f\u00fcr einen halben oder einen\u00a0 ganzen Tag und padden um die Insel Skaft\u00f6, auf der Grundsund lieget, oder in den Sch\u00e4ren um G\u00e5s\u00f6. Wenn du dich daf\u00fcr entscheidest, eine l\u00e4ngere Tour zu unternehmen, kannst du ein gutes St\u00fcck landeinw\u00e4rts bis nach Udevalla kommen, Richtung Norden nach Lysekil oder Sm\u00f6gen oder Richtung Suden nach K\u00e4rring\u00f6n. Oder noch weiter\u2026<\/p>\n<h3><strong>Einzelkajak oder Doppelkajak<\/strong><\/h3>\n<p><strong>Bei den Einzelkajaks gibt es zwei Modelle.<\/strong> Ein kurzes, leicht zu steuerdes, stabiles Modell. Dieses Modell, Oasis, ist gut f\u00fcr Anf\u00e4nger geeignet. Das andere Modell, Laser, ist lang und schmaler. Dieses eignet sich gut f\u00fcr erfahrenere Paddler und f\u00fcr l\u00e4ngere Touren.<\/p>\n<p><strong>Bei den Doppelkajaks gibt es mehrere Modelle.<\/strong> Wollt ihr eine l\u00e4ngere Tour unternehmen, braucht ihr ein gr\u00f6sseres Modell, das Platz f\u00fcr das Gep\u00e4ck von 2 Personen bietet. Seid ihr nur ein paar Stunden oder einen Tag unterwegs, reicht ein geringeres Packvolumen. Weitere Faktoren, die die Wahl des Kajaks beinflussen, sind die Gr\u00f6sse der Sitzluke, ob das Kajak ein Ruder hat und wieviel Beinfreiheit es bietet. Bucht das Doppelkajak, von dem ihr glaubt, das es gut f\u00fcr euch passt. Falls erforderlich, k\u00f6nnt ihr vor Ort umbuchen.<\/p>\n<h3><strong>Tips<\/strong><\/h3>\n<p>Richtung Osten sind die Inseln bewaldet und es sgibt dort ein \u00fcppiges Vogelleben. Dort k\u00f6nnt ihr relativ gut gesch\u00fctzt ungeachtet des Wetters herrliches Paddeltouren unternehmen.<br \/>\nIm Westen liegen die G\u00e5s\u00f6-Sch\u00e4ren, mit einer kargare aber unglaublich sch\u00f6nen Landschaft.<\/p>\n<p>Die kahlen Klippen wurden vor langer Zeit vom Inlandeis, das die Hauptarbeit gemacht hat, geformt. Und nun setzt das Meer diese Arbeit unerm\u00fcdlich fort. Stell dir das offenes Meer vor, viele Inseln und wunderbare Paddelm\u00f6glichkeiten.<\/p>\n<p>Wir vom Kajakcenter Balanspunkt lieben es, Kajak zu paddeln und geben dir gerne n\u00fctzliche Tips, wenn du dar\u00fcber nachdenkst, eine etwas l\u00e4ngere Tour im Sch\u00e4rengarten zu unternehmen. Wir kennen die besten Zeltpl\u00e4tze, wissen, wie die Windverh\u00e4ltnisse sind und wo man gut mit dem Kajak an Land gehen kann.<\/p>\n<h3><strong>Die Paddelsaison im Bohusl\u00e4n<\/strong><\/h3>\n<p>Von <strong>Mai<\/strong> bis Ende <strong>September<\/strong> ist das Wasser ausreichend warm, um sicheres Paddeln zu gew\u00e4hrleisten. Wir haben von Anfang Mai bis Mitte Juni und im September an den <strong>Wochenenden<\/strong> ge\u00f6ffnet. <strong>Von Mitte Juni bis Ende August haben wir t\u00e4glich von 9-18 Uhr ge\u00f6ffnet.<\/strong> M\u00f6chtet ihr ausserhalb dieser Zeiten mit uns unterwegs sein oder ein Kajak mieten, k\u00f6nnt ihr uns gerne eine Anfrage an <a href=\"mailto:kontakt@balanspunkten.nu\">kontakt@balanspunkten.nu<\/a> schicken.<br \/>\nMit etwas Vorbereitungszeit k\u00f6nnen wir manchmal einen Transport zu dem von euch gew\u00fcnschten Start- oder Endpunkt eurer Tour organisieren. Bei st\u00fcrmischem Wetter versuchen wir ebenfalls, einen Transport zu einem geeigneten Startpunkt zu organisieren.<\/p>\n<h3>Preise<\/h3>\n\n<table id=\"tablepress-3\" class=\"tablepress tablepress-id-3\">\n<thead>\n<tr class=\"row-1\">\n\t<th class=\"column-1\">Kajak<\/th><th class=\"column-2\">Halben tag<\/th><th class=\"column-3\">Tagesmiete<\/th><th class=\"column-4\">Abent-Nacht<\/th><th class=\"column-5\">24 Stunden<\/th><th class=\"column-6\">3 Tage<\/th><th class=\"column-7\">Eine Woche<\/th>\n<\/tr>\n<\/thead>\n<tbody class=\"row-striping row-hover\">\n<tr class=\"row-2\">\n\t<td class=\"column-1\">Single Oasis<\/td><td class=\"column-2\">350 sek<\/td><td class=\"column-3\">550 sek<\/td><td class=\"column-4\">350 sek<\/td><td class=\"column-5\">700 sek<\/td><td class=\"column-6\">1400 sek<\/td><td class=\"column-7\">2800 sek<\/td>\n<\/tr>\n<tr class=\"row-3\">\n\t<td class=\"column-1\">Single Laser<\/td><td class=\"column-2\">450 sek<\/td><td class=\"column-3\">650 sek<\/td><td class=\"column-4\">450 sek<\/td><td class=\"column-5\">800 sek<\/td><td class=\"column-6\">1600 sek<\/td><td class=\"column-7\">3200 sek<\/td>\n<\/tr>\n<tr class=\"row-4\">\n\t<td class=\"column-1\">Double Oasis<\/td><td class=\"column-2\">500 sek<\/td><td class=\"column-3\">700 sek<\/td><td class=\"column-4\">500 sek<\/td><td class=\"column-5\">900 sek<\/td><td class=\"column-6\">1700 sek<\/td><td class=\"column-7\">3400 sek<\/td>\n<\/tr>\n<tr class=\"row-5\">\n\t<td class=\"column-1\">Double Atlantis<\/td><td class=\"column-2\">600 sek<\/td><td class=\"column-3\">800 sek<\/td><td class=\"column-4\">600 sek <\/td><td class=\"column-5\">1000 sek <\/td><td class=\"column-6\">2000 sek<\/td><td class=\"column-7\">4000 sek<\/td>\n<\/tr>\n<tr class=\"row-6\">\n\t<td class=\"column-1\">Double Gobo\/Wilderness<\/td><td class=\"column-2\">600 sek<\/td><td class=\"column-3\">800 sek<\/td><td class=\"column-4\">600 sek<\/td><td class=\"column-5\">1000 sek<\/td><td class=\"column-6\">2000 sek<\/td><td class=\"column-7\">4000 sek<\/td>\n<\/tr>\n<tr class=\"row-7\">\n\t<td class=\"column-1\">Double Norse\/Esperanto<\/td><td class=\"column-2\">700 sek<\/td><td class=\"column-3\">900 sek<\/td><td class=\"column-4\">800 sek<\/td><td class=\"column-5\">1100 sek<\/td><td class=\"column-6\">2200 sek<\/td><td class=\"column-7\">4400 sek<\/td>\n<\/tr>\n<\/tbody>\n<\/table>\n\n","protected":false},"excerpt":{"rendered":"<p>Freiheit im Sch\u00e4rengarten<\/p>\n","protected":false},"author":2,"featured_media":202,"parent":0,"menu_order":0,"comment_status":"closed","ping_status":"closed","template":"","meta":{"_acf_changed":false,"inline_featured_image":false,"footnotes":""},"class_list":["post-642","page","type-page","status-publish","has-post-thumbnail","hentry"],"acf":[],"_links":{"self":[{"href":"https:\/\/balanspunkten.nu\/de\/wp-json\/wp\/v2\/pages\/642","targetHints":{"allow":["GET"]}}],"collection":[{"href":"https:\/\/balanspunkten.nu\/de\/wp-json\/wp\/v2\/pages"}],"about":[{"href":"https:\/\/balanspunkten.nu\/de\/wp-json\/wp\/v2\/types\/page"}],"author":[{"embeddable":true,"href":"https:\/\/balanspunkten.nu\/de\/wp-json\/wp\/v2\/users\/2"}],"replies":[{"embeddable":true,"href":"https:\/\/balanspunkten.nu\/de\/wp-json\/wp\/v2\/comments?post=642"}],"version-history":[{"count":13,"href":"https:\/\/balanspunkten.nu\/de\/wp-json\/wp\/v2\/pages\/642\/revisions"}],"predecessor-version":[{"id":798,"href":"https:\/\/balanspunkten.nu\/de\/wp-json\/wp\/v2\/pages\/642\/revisions\/798"}],"wp:featuredmedia":[{"embeddable":true,"href":"https:\/\/balanspunkten.nu\/de\/wp-json\/wp\/v2\/media\/202"}],"wp:attachment":[{"href":"https:\/\/balanspunkten.nu\/de\/wp-json\/wp\/v2\/media?parent=642"}],"curies":[{"name":"wp","href":"https:\/\/api.w.org\/{rel}","templated":true}]}}